{"id":1526,"date":"2026-03-12T10:36:02","date_gmt":"2026-03-12T09:36:02","guid":{"rendered":"https:\/\/www.curtisign.com\/ladiesbest\/?page_id=1526"},"modified":"2026-04-08T12:31:36","modified_gmt":"2026-04-08T10:31:36","slug":"mitgliedschaftstest","status":"publish","type":"page","link":"https:\/\/www.curtisign.com\/ladiesbest\/mitgliedschaftstest\/","title":{"rendered":"Mitgliedschaftstest"},"content":{"rendered":"\n\n\t<section class=\"section\" id=\"section_1049764759\">\n\t\t<div class=\"section-bg fill\" >\n\t\t\t\t\t\t\t\t\t\n\t\t\t\n\n\t\t<\/div>\n\n\t\t\n\n\t\t<div class=\"section-content relative\">\n\t\t\t\n\n<div class=\"row\"  id=\"row-1125488831\">\n\n\n\t<div id=\"col-980258677\" class=\"col small-12 large-12\"  data-animate=\"fadeInDown\">\n\t\t\t\t<div class=\"col-inner text-center text-shadow-1 dark\"  >\n\t\t\t\n\t\t\t\n\n\t<div class=\"img has-hover x md-x lg-x y md-y lg-y\" id=\"image_1499626224\">\n\t\t\t\t\t\t\t\t<div class=\"img-inner dark\" style=\"margin:-120px 0px 0px 0px;\">\n\t\t\t<img loading=\"lazy\" decoding=\"async\" width=\"500\" height=\"500\" src=\"https:\/\/www.curtisign.com\/ladiesbest\/wp-content\/uploads\/2026\/04\/Test_500.png\" class=\"attachment-original size-original\" alt=\"\" srcset=\"https:\/\/www.curtisign.com\/ladiesbest\/wp-content\/uploads\/2026\/04\/Test_500.png 500w, https:\/\/www.curtisign.com\/ladiesbest\/wp-content\/uploads\/2026\/04\/Test_500-300x300.png 300w, https:\/\/www.curtisign.com\/ladiesbest\/wp-content\/uploads\/2026\/04\/Test_500-150x150.png 150w\" sizes=\"auto, (max-width: 500px) 100vw, 500px\" \/>\t\t\t\t\t\t\n\t\t\t\t\t<\/div>\n\t\t\t\t\t\t\t\t\n<style>\n#image_1499626224 {\n  width: 56%;\n}\n@media (min-width:550px) {\n  #image_1499626224 {\n    width: 12%;\n  }\n}\n<\/style>\n\t<\/div>\n\t\n\n\t<div id=\"text-1771803211\" class=\"text\">\n\t\t\n\n<h1><span style=\"font-size: 140%;\">MITGLIEDSCHAFTS&shy;TEST<\/span><\/h1>\n\t\t\n<style>\n#text-1771803211 {\n  font-size: 0.95rem;\n}\n@media (min-width:550px) {\n  #text-1771803211 {\n    font-size: 1rem;\n  }\n}\n<\/style>\n\t<\/div>\n\t\n\t<div id=\"text-2016810599\" class=\"text\">\n\t\t\n\n<p><span style=\"font-size: 140%;\"><strong>Welches Fitness-Abo passt am Besten zu meinen Zielen?<\/strong><\/span><\/p>\n\t\t\n<style>\n#text-2016810599 {\n  font-size: 1rem;\n  line-height: 1.3;\n}\n<\/style>\n\t<\/div>\n\t\n<p><span style=\"font-size: 100%;\">Einfach das Formular unverbindlich ausf\u00fcllen, <\/span><br \/><span style=\"font-size: 100%;\">das Ladies Best Team meldet sich in K\u00fcrze mit Ihrem pers\u00f6nlichen <strong>&#8222;Fitness-Geschenk&#8220;<\/strong><\/span><\/p>\n\n\t\t<\/div>\n\t\t\t\t\n<style>\n#col-980258677 > .col-inner {\n  padding: 40px 30px 40px 30px;\n  margin: 60px 0px -70px 0px;\n}\n<\/style>\n\t<\/div>\n\n\t\n\n\n<style>\n#row-1125488831 > .col > .col-inner {\n  background-color: #6b1e23;\n}\n<\/style>\n<\/div>\n\n\t\t<\/div>\n\n\t\t\n<style>\n#section_1049764759 {\n  padding-top: 30px;\n  padding-bottom: 30px;\n}\n<\/style>\n\t<\/section>\n\t\n\n\t<section class=\"section\" id=\"section_954657514\">\n\t\t<div class=\"section-bg fill\" >\n\t\t\t\t\t\t\t\t\t\n\t\t\t\n\n\t\t<\/div>\n\n\t\t\n\n\t\t<div class=\"section-content relative\">\n\t\t\t\n\n<div class=\"row\"  id=\"row-1552262752\">\n\n\n\t<div id=\"col-497989358\" class=\"col small-12 large-12\"  data-animate=\"fadeInUp\">\n\t\t\t\t<div class=\"col-inner\" style=\"background-color:rgb(246, 241, 226);\" >\n\t\t\t\n\t\t\t\n\n\n\n<style id=\"wpforms-css-vars-1523\">\n\t\t\t\t#wpforms-1523 {\n\t\t\t\t--wpforms-container-padding: 0px;\n--wpforms-container-border-width: 1px;\n--wpforms-container-border-radius: 3px;\n--wpforms-background-color: rgba(0, 0, 0, 0);\n--wpforms-field-size-input-height: 43px;\n--wpforms-field-size-input-spacing: 15px;\n--wpforms-field-size-font-size: 16px;\n--wpforms-field-size-line-height: 19px;\n--wpforms-field-size-padding-h: 14px;\n--wpforms-field-size-checkbox-size: 16px;\n--wpforms-field-size-sublabel-spacing: 5px;\n--wpforms-field-size-icon-size: 1;\n--wpforms-label-size-font-size: 16px;\n--wpforms-label-size-line-height: 19px;\n--wpforms-label-size-sublabel-font-size: 14px;\n--wpforms-label-size-sublabel-line-height: 17px;\n--wpforms-button-size-font-size: 17px;\n--wpforms-button-size-height: 41px;\n--wpforms-button-size-padding-h: 15px;\n--wpforms-button-size-margin-top: 10px;\n--wpforms-container-shadow-size-box-shadow: none;\n\t\t\t}\n\t\t\t<\/style><div class=\"wpforms-container wpforms-container-full wpforms-render-modern\" id=\"wpforms-1523\"><form id=\"wpforms-form-1523\" class=\"wpforms-validate wpforms-form\" data-formid=\"1523\" method=\"post\" enctype=\"multipart\/form-data\" action=\"\/ladiesbest\/wp-json\/wp\/v2\/pages\/1526\" data-token=\"7d9c625cc0234dcc8ba6523d2ef3bc16\" data-token-time=\"1776852283\"><noscript class=\"wpforms-error-noscript\">Bitte aktivieren Sie JavaScript in Ihrem Browser, um dieses Formular fertigzustellen.<\/noscript><div id=\"wpforms-error-noscript\" style=\"display: none;\">Bitte aktivieren Sie JavaScript in Ihrem Browser, um dieses Formular fertigzustellen.<\/div><div class=\"wpforms-field-container\"><div id=\"wpforms-1523-field_15-container\" class=\"wpforms-field wpforms-field-checkbox wpforms-list-2-columns\" data-field-id=\"15\"><fieldset><legend class=\"wpforms-field-label\">Welche Fitnessziele streben Sie an? <span class=\"wpforms-required-label\" aria-hidden=\"true\">*<\/span><\/legend><ul id=\"wpforms-1523-field_15\" class=\"wpforms-field-required\"><li class=\"choice-1 depth-1\"><input type=\"checkbox\" id=\"wpforms-1523-field_15_1\" name=\"wpforms[fields][15][]\" value=\"Gewichtsverlust\/Abnehmen\" aria-errormessage=\"wpforms-1523-field_15_1-error\" required ><label class=\"wpforms-field-label-inline\" for=\"wpforms-1523-field_15_1\">Gewichtsverlust\/Abnehmen<\/label><\/li><li class=\"choice-2 depth-1\"><input type=\"checkbox\" id=\"wpforms-1523-field_15_2\" name=\"wpforms[fields][15][]\" value=\"K\u00f6rper formen\/straffen\" aria-errormessage=\"wpforms-1523-field_15_2-error\" required ><label class=\"wpforms-field-label-inline\" for=\"wpforms-1523-field_15_2\">K\u00f6rper formen\/straffen<\/label><\/li><li class=\"choice-3 depth-1\"><input type=\"checkbox\" id=\"wpforms-1523-field_15_3\" name=\"wpforms[fields][15][]\" value=\"Muskelaufbau\" aria-errormessage=\"wpforms-1523-field_15_3-error\" required ><label class=\"wpforms-field-label-inline\" for=\"wpforms-1523-field_15_3\">Muskelaufbau<\/label><\/li><li class=\"choice-4 depth-1\"><input type=\"checkbox\" id=\"wpforms-1523-field_15_4\" name=\"wpforms[fields][15][]\" value=\"R\u00fccken\/Knie\/Gelenke st\u00e4rken (habe Schmerzen)\" aria-errormessage=\"wpforms-1523-field_15_4-error\" required ><label class=\"wpforms-field-label-inline\" for=\"wpforms-1523-field_15_4\">R\u00fccken\/Knie\/Gelenke st\u00e4rken (habe Schmerzen)<\/label><\/li><li class=\"choice-5 depth-1\"><input type=\"checkbox\" id=\"wpforms-1523-field_15_5\" name=\"wpforms[fields][15][]\" value=\"Cellulite dauerhaft loswerden\" aria-errormessage=\"wpforms-1523-field_15_5-error\" required ><label class=\"wpforms-field-label-inline\" for=\"wpforms-1523-field_15_5\">Cellulite dauerhaft loswerden<\/label><\/li><li class=\"choice-6 depth-1\"><input type=\"checkbox\" id=\"wpforms-1523-field_15_6\" name=\"wpforms[fields][15][]\" value=\"Kondition verbessern\" aria-errormessage=\"wpforms-1523-field_15_6-error\" required ><label class=\"wpforms-field-label-inline\" for=\"wpforms-1523-field_15_6\">Kondition verbessern<\/label><\/li><li class=\"choice-7 depth-1\"><input type=\"checkbox\" id=\"wpforms-1523-field_15_7\" name=\"wpforms[fields][15][]\" value=\"Fit bleiben\" aria-errormessage=\"wpforms-1523-field_15_7-error\" required ><label class=\"wpforms-field-label-inline\" for=\"wpforms-1523-field_15_7\">Fit bleiben<\/label><\/li><li class=\"choice-8 depth-1\"><input type=\"checkbox\" id=\"wpforms-1523-field_15_8\" name=\"wpforms[fields][15][]\" value=\"Ausgleich zum Alltag schaffen\" aria-errormessage=\"wpforms-1523-field_15_8-error\" required ><label class=\"wpforms-field-label-inline\" for=\"wpforms-1523-field_15_8\">Ausgleich zum Alltag schaffen<\/label><\/li><\/ul><\/fieldset><\/div><div id=\"wpforms-1523-field_6-container\" class=\"wpforms-field wpforms-field-select wpforms-field-select-style-classic\" data-field-id=\"6\"><label class=\"wpforms-field-label\" for=\"wpforms-1523-field_6\">Wenn Sie abnehmen m\u00f6chten, wieviel kg m\u00f6chten Sie verlieren? <span class=\"wpforms-required-label\" aria-hidden=\"true\">*<\/span><\/label><select id=\"wpforms-1523-field_6\" class=\"wpforms-field-large wpforms-field-required\" name=\"wpforms[fields][6]\" required=\"required\"><option value=\"\" class=\"placeholder\" disabled  selected='selected'>bitte w\u00e4hlen<\/option><option value=\"0-4 kg\"  class=\"choice-1 depth-1\"  >0-4 kg<\/option><option value=\"4-8 kg\"  class=\"choice-2 depth-1\"  >4-8 kg<\/option><option value=\"mehr als 8 kg\"  class=\"choice-3 depth-1\"  >mehr als 8 kg<\/option><option value=\"Abnehmen m\u00f6chte ich nicht\"  class=\"choice-4 depth-1\"  >Abnehmen m\u00f6chte ich nicht<\/option><\/select><\/div><div id=\"wpforms-1523-field_7-container\" class=\"wpforms-field wpforms-field-select wpforms-field-select-style-classic\" data-field-id=\"7\"><label class=\"wpforms-field-label\" for=\"wpforms-1523-field_7\">In welchem Zeitraum m\u00f6chten Sie dieses Ziel erreichen? <span class=\"wpforms-required-label\" aria-hidden=\"true\">*<\/span><\/label><select id=\"wpforms-1523-field_7\" class=\"wpforms-field-large wpforms-field-required\" name=\"wpforms[fields][7]\" required=\"required\"><option value=\"\" class=\"placeholder\" disabled  selected='selected'>bitte w\u00e4hlen<\/option><option value=\"3 Monate\"  class=\"choice-1 depth-1\"  >3 Monate<\/option><option value=\"6 Monate\"  class=\"choice-2 depth-1\"  >6 Monate<\/option><option value=\"12 Monate\"  class=\"choice-3 depth-1\"  >12 Monate<\/option><option value=\"Langfristig\"  class=\"choice-4 depth-1\"  >Langfristig<\/option><\/select><\/div><div id=\"wpforms-1523-field_8-container\" class=\"wpforms-field wpforms-field-select wpforms-field-select-style-classic\" data-field-id=\"8\"><label class=\"wpforms-field-label\" for=\"wpforms-1523-field_8\">Waren Sie schon einmal in einem Fitnessstudio angemeldet? <span class=\"wpforms-required-label\" aria-hidden=\"true\">*<\/span><\/label><select id=\"wpforms-1523-field_8\" class=\"wpforms-field-large wpforms-field-required\" name=\"wpforms[fields][8]\" required=\"required\"><option value=\"\" class=\"placeholder\" disabled  selected='selected'>bitte w\u00e4hlen<\/option><option value=\"Ja, ich war bereits Mitglied.\"  class=\"choice-1 depth-1\"  >Ja, ich war bereits Mitglied.<\/option><option value=\"Ich bin noch immer wo Mitglied, m\u00f6chte jedoch wechseln\"  class=\"choice-2 depth-1\"  >Ich bin noch immer wo Mitglied, m\u00f6chte jedoch wechseln<\/option><option value=\"Nein, noch nicht.\"  class=\"choice-3 depth-1\"  >Nein, noch nicht.<\/option><\/select><\/div><div id=\"wpforms-1523-field_9-container\" class=\"wpforms-field wpforms-field-select wpforms-field-select-style-classic\" data-field-id=\"9\"><label class=\"wpforms-field-label\" for=\"wpforms-1523-field_9\">Wie oft pro Woche m\u00f6chten Sie trainieren? <span class=\"wpforms-required-label\" aria-hidden=\"true\">*<\/span><\/label><select id=\"wpforms-1523-field_9\" class=\"wpforms-field-large wpforms-field-required\" name=\"wpforms[fields][9]\" required=\"required\"><option value=\"\" class=\"placeholder\" disabled  selected='selected'>bitte w\u00e4hlen<\/option><option value=\"1 bis 2 mal pro Woche\"  class=\"choice-1 depth-1\"  >1 bis 2 mal pro Woche<\/option><option value=\"3 bis 4 mal pro Woche\"  class=\"choice-2 depth-1\"  >3 bis 4 mal pro Woche<\/option><option value=\"Das m\u00f6chte ich flexibel entscheiden\"  class=\"choice-3 depth-1\"  >Das m\u00f6chte ich flexibel entscheiden<\/option><\/select><\/div><div id=\"wpforms-1523-field_10-container\" class=\"wpforms-field wpforms-field-select wpforms-field-select-style-classic\" data-field-id=\"10\"><label class=\"wpforms-field-label\" for=\"wpforms-1523-field_10\">Wie oft m\u00f6chten Sie Unterst\u00fctzung bei deinem Training haben? <span class=\"wpforms-required-label\" aria-hidden=\"true\">*<\/span><\/label><select id=\"wpforms-1523-field_10\" class=\"wpforms-field-large wpforms-field-required\" name=\"wpforms[fields][10]\" required=\"required\"><option value=\"\" class=\"placeholder\" disabled  selected='selected'>bitte w\u00e4hlen<\/option><option value=\"Bei jedem Training\"  class=\"choice-1 depth-1\"  >Bei jedem Training<\/option><option value=\"1x pro Woche\"  class=\"choice-2 depth-1\"  >1x pro Woche<\/option><option value=\"1x im Monat\"  class=\"choice-3 depth-1\"  >1x im Monat<\/option><option value=\"Selten oder Nie\"  class=\"choice-5 depth-1\"  >Selten oder Nie<\/option><\/select><\/div><div id=\"wpforms-1523-field_11-container\" class=\"wpforms-field wpforms-field-select wpforms-field-select-style-classic\" data-field-id=\"11\"><label class=\"wpforms-field-label\" for=\"wpforms-1523-field_11\">Spielen neben den Fitnessger\u00e4ten auch noch weitere Angebote wie Getr\u00e4nke oder Solarien eine Rolle f\u00fcr Sie? <span class=\"wpforms-required-label\" aria-hidden=\"true\">*<\/span><\/label><select id=\"wpforms-1523-field_11\" class=\"wpforms-field-large wpforms-field-required\" name=\"wpforms[fields][11]\" required=\"required\"><option value=\"\" class=\"placeholder\" disabled  selected='selected'>bitte w\u00e4hlen<\/option><option value=\"Ja, ich m\u00f6chte viele Angebote nutzen\"  class=\"choice-1 depth-1\"  >Ja, ich m\u00f6chte viele Angebote nutzen<\/option><option value=\"Nein, ich m\u00f6chte nur trainieren.\"  class=\"choice-2 depth-1\"  >Nein, ich m\u00f6chte nur trainieren.<\/option><\/select><\/div><div id=\"wpforms-1523-field_12-container\" class=\"wpforms-field wpforms-field-select wpforms-field-select-style-classic\" data-field-id=\"12\"><label class=\"wpforms-field-label\" for=\"wpforms-1523-field_12\">Wie wichtig ist Ihnen eine pers\u00f6nliche Betreuung w\u00e4hrend deinem Training? <span class=\"wpforms-required-label\" aria-hidden=\"true\">*<\/span><\/label><select id=\"wpforms-1523-field_12\" class=\"wpforms-field-large wpforms-field-required\" name=\"wpforms[fields][12]\" required=\"required\"><option value=\"\" class=\"placeholder\" disabled  selected='selected'>bitte w\u00e4hlen<\/option><option value=\"Ich lege sehr gro\u00dfen Wert auf eine pers\u00f6nliche Betreuung.\"  class=\"choice-1 depth-1\"  >Ich lege sehr gro\u00dfen Wert auf eine pers\u00f6nliche Betreuung.<\/option><option value=\"Eine pers\u00f6nliche Betreuung ist f\u00fcr mich nicht notwendig.\"  class=\"choice-2 depth-1\"  >Eine pers\u00f6nliche Betreuung ist f\u00fcr mich nicht notwendig.<\/option><option value=\"F\u00fcr etwaige Fragen hat eine Betreuung f\u00fcr mich auf jeden Fall Mehrwert.\"  class=\"choice-6 depth-1\"  >F\u00fcr etwaige Fragen hat eine Betreuung f\u00fcr mich auf jeden Fall Mehrwert.<\/option><\/select><\/div><div id=\"wpforms-1523-field_13-container\" class=\"wpforms-field wpforms-field-select wpforms-field-select-style-classic\" data-field-id=\"13\"><label class=\"wpforms-field-label\" for=\"wpforms-1523-field_13\">Haben Sie Interesse an Personal Training? <span class=\"wpforms-required-label\" aria-hidden=\"true\">*<\/span><\/label><select id=\"wpforms-1523-field_13\" class=\"wpforms-field-large wpforms-field-required\" name=\"wpforms[fields][13]\" required=\"required\"><option value=\"\" class=\"placeholder\" disabled  selected='selected'>bitte w\u00e4hlen<\/option><option value=\"Ja\"  class=\"choice-1 depth-1\"  >Ja<\/option><option value=\"Nein\"  class=\"choice-2 depth-1\"  >Nein<\/option><\/select><\/div><div id=\"wpforms-1523-field_14-container\" class=\"wpforms-field wpforms-field-select wpforms-field-select-style-classic\" data-field-id=\"14\"><label class=\"wpforms-field-label\" for=\"wpforms-1523-field_14\">Haben Sie Interesse an Gruppenworkouts\/Kursen? <span class=\"wpforms-required-label\" aria-hidden=\"true\">*<\/span><\/label><select id=\"wpforms-1523-field_14\" class=\"wpforms-field-large wpforms-field-required\" name=\"wpforms[fields][14]\" required=\"required\"><option value=\"\" class=\"placeholder\" disabled  selected='selected'>bitte w\u00e4hlen<\/option><option value=\"Ja\"  class=\"choice-1 depth-1\"  >Ja<\/option><option value=\"Nein\"  class=\"choice-2 depth-1\"  >Nein<\/option><\/select><\/div><div id=\"wpforms-1523-field_0-container\" class=\"wpforms-field wpforms-field-name\" data-field-id=\"0\"><fieldset><legend class=\"wpforms-field-label\">Name <span class=\"wpforms-required-label\" aria-hidden=\"true\">*<\/span><\/legend><div class=\"wpforms-field-row wpforms-field-large\"><div class=\"wpforms-field-row-block wpforms-first wpforms-one-half\"><input type=\"text\" id=\"wpforms-1523-field_0\" class=\"wpforms-field-name-first wpforms-field-required\" name=\"wpforms[fields][0][first]\" aria-errormessage=\"wpforms-1523-field_0-error\" required><label for=\"wpforms-1523-field_0\" class=\"wpforms-field-sublabel after\">Vorname<\/label><\/div><div class=\"wpforms-field-row-block wpforms-one-half\"><input type=\"text\" id=\"wpforms-1523-field_0-last\" class=\"wpforms-field-name-last wpforms-field-required\" name=\"wpforms[fields][0][last]\" aria-errormessage=\"wpforms-1523-field_0-last-error\" required><label for=\"wpforms-1523-field_0-last\" class=\"wpforms-field-sublabel after\">Nachname<\/label><\/div><\/div><\/fieldset><\/div><div id=\"wpforms-1523-field_1-container\" class=\"wpforms-field wpforms-field-email\" data-field-id=\"1\"><label class=\"wpforms-field-label\" for=\"wpforms-1523-field_1\">E-Mail <span class=\"wpforms-required-label\" aria-hidden=\"true\">*<\/span><\/label><input type=\"email\" id=\"wpforms-1523-field_1\" class=\"wpforms-field-large wpforms-field-required\" name=\"wpforms[fields][1]\" spellcheck=\"false\" aria-errormessage=\"wpforms-1523-field_1-error\" required><\/div><div id=\"wpforms-1523-field_4-container\" class=\"wpforms-field wpforms-field-text\" data-field-id=\"4\"><label class=\"wpforms-field-label\" for=\"wpforms-1523-field_4\">Telefonnummer <span class=\"wpforms-required-label\" aria-hidden=\"true\">*<\/span><\/label><input type=\"text\" id=\"wpforms-1523-field_4\" class=\"wpforms-field-large wpforms-field-required\" name=\"wpforms[fields][4]\" aria-errormessage=\"wpforms-1523-field_4-error\" required><\/div><div id=\"wpforms-1523-field_5-container\" class=\"wpforms-field wpforms-field-checkbox\" data-field-id=\"5\"><fieldset><legend class=\"wpforms-field-label\">Einwilligung <span class=\"wpforms-required-label\" aria-hidden=\"true\">*<\/span><\/legend><ul id=\"wpforms-1523-field_5\" class=\"wpforms-field-required\"><li class=\"choice-1 depth-1\"><input type=\"checkbox\" id=\"wpforms-1523-field_5_1\" name=\"wpforms[fields][5][]\" value=\"Ich willige hiermit ein, dass die von mir angegebenen Daten zur Kontaktaufnahme verarbeitet werden.\" aria-errormessage=\"wpforms-1523-field_5_1-error\" required ><label class=\"wpforms-field-label-inline\" for=\"wpforms-1523-field_5_1\">Ich willige hiermit ein, dass die von mir angegebenen Daten zur Kontaktaufnahme verarbeitet werden.<\/label><\/li><\/ul><\/fieldset><\/div><\/div><!-- .wpforms-field-container --><div class=\"wpforms-field wpforms-field-hp\"><label for=\"wpforms-1523-field-hp\" class=\"wpforms-field-label\">Email<\/label><input type=\"text\" name=\"wpforms[hp]\" id=\"wpforms-1523-field-hp\" class=\"wpforms-field-medium\"><\/div><div class=\"wpforms-submit-container\" ><input type=\"hidden\" name=\"wpforms[id]\" value=\"1523\"><input type=\"hidden\" name=\"page_title\" value=\"\"><input type=\"hidden\" name=\"page_url\" value=\"https:\/\/www.curtisign.com\/ladiesbest\/wp-json\/wp\/v2\/pages\/1526\"><input type=\"hidden\" name=\"url_referer\" value=\"\"><button type=\"submit\" name=\"wpforms[submit]\" id=\"wpforms-submit-1523\" class=\"wpforms-submit\" data-alt-text=\"Senden...\" data-submit-text=\"Absenden\" aria-live=\"assertive\" value=\"wpforms-submit\">Absenden<\/button><\/div><\/form><\/div>  <!-- .wpforms-container -->\n\n\n\t\t<\/div>\n\t\t\t\t\n<style>\n#col-497989358 > .col-inner {\n  margin: -20px 0px 0px 0px;\n}\n<\/style>\n\t<\/div>\n\n\t\n\n\n<style>\n#row-1552262752 > .col > .col-inner {\n  padding: 10px 30px 30px 30px;\n}\n<\/style>\n<\/div>\n\n\t\t<\/div>\n\n\t\t\n<style>\n#section_954657514 {\n  padding-top: 30px;\n  padding-bottom: 30px;\n}\n<\/style>\n\t<\/section>\n\t\n\n","protected":false},"excerpt":{"rendered":"","protected":false},"author":1,"featured_media":0,"parent":0,"menu_order":0,"comment_status":"closed","ping_status":"closed","template":"page-blank.php","meta":{"footnotes":""},"class_list":["post-1526","page","type-page","status-publish","hentry"],"_links":{"self":[{"href":"https:\/\/www.curtisign.com\/ladiesbest\/wp-json\/wp\/v2\/pages\/1526","targetHints":{"allow":["GET"]}}],"collection":[{"href":"https:\/\/www.curtisign.com\/ladiesbest\/wp-json\/wp\/v2\/pages"}],"about":[{"href":"https:\/\/www.curtisign.com\/ladiesbest\/wp-json\/wp\/v2\/types\/page"}],"author":[{"embeddable":true,"href":"https:\/\/www.curtisign.com\/ladiesbest\/wp-json\/wp\/v2\/users\/1"}],"replies":[{"embeddable":true,"href":"https:\/\/www.curtisign.com\/ladiesbest\/wp-json\/wp\/v2\/comments?post=1526"}],"version-history":[{"count":18,"href":"https:\/\/www.curtisign.com\/ladiesbest\/wp-json\/wp\/v2\/pages\/1526\/revisions"}],"predecessor-version":[{"id":2324,"href":"https:\/\/www.curtisign.com\/ladiesbest\/wp-json\/wp\/v2\/pages\/1526\/revisions\/2324"}],"wp:attachment":[{"href":"https:\/\/www.curtisign.com\/ladiesbest\/wp-json\/wp\/v2\/media?parent=1526"}],"curies":[{"name":"wp","href":"https:\/\/api.w.org\/{rel}","templated":true}]}}