{"id":2200,"date":"2026-03-27T09:33:47","date_gmt":"2026-03-27T08:33:47","guid":{"rendered":"https:\/\/www.curtisign.com\/ladiesbest\/?page_id=2200"},"modified":"2026-04-14T12:02:26","modified_gmt":"2026-04-14T10:02:26","slug":"karriere","status":"publish","type":"page","link":"https:\/\/www.curtisign.com\/ladiesbest\/karriere\/","title":{"rendered":"Karriere"},"content":{"rendered":"\n\n\t<section class=\"section\" id=\"section_228304210\">\n\t\t<div class=\"section-bg fill\" >\n\t\t\t\t\t\t\t\t\t\n\t\t\t\n\n\t\t<\/div>\n\n\t\t\n\n\t\t<div class=\"section-content relative\">\n\t\t\t\n\n<div class=\"row\"  id=\"row-317210879\">\n\n\n\t<div id=\"col-44356867\" class=\"col small-12 large-12\"  data-animate=\"fadeInDown\">\n\t\t\t\t<div class=\"col-inner text-center text-shadow-1 dark\"  >\n\t\t\t\n\t\t\t\n\n\t<div class=\"img has-hover x md-x lg-x y md-y lg-y\" id=\"image_2135090614\">\n\t\t\t\t\t\t\t\t<div class=\"img-inner dark\" style=\"margin:-120px 0px 0px 0px;\">\n\t\t\t<img loading=\"lazy\" decoding=\"async\" width=\"500\" height=\"500\" src=\"https:\/\/www.curtisign.com\/ladiesbest\/wp-content\/uploads\/2026\/04\/Karriere_500.png\" class=\"attachment-original size-original\" alt=\"\" srcset=\"https:\/\/www.curtisign.com\/ladiesbest\/wp-content\/uploads\/2026\/04\/Karriere_500.png 500w, https:\/\/www.curtisign.com\/ladiesbest\/wp-content\/uploads\/2026\/04\/Karriere_500-300x300.png 300w, https:\/\/www.curtisign.com\/ladiesbest\/wp-content\/uploads\/2026\/04\/Karriere_500-150x150.png 150w\" sizes=\"auto, (max-width: 500px) 100vw, 500px\" \/>\t\t\t\t\t\t\n\t\t\t\t\t<\/div>\n\t\t\t\t\t\t\t\t\n<style>\n#image_2135090614 {\n  width: 56%;\n}\n@media (min-width:550px) {\n  #image_2135090614 {\n    width: 12%;\n  }\n}\n<\/style>\n\t<\/div>\n\t\n\n\t<div id=\"text-3677743630\" class=\"text\">\n\t\t\n\n<h1><span style=\"font-size: 140%;\">KARRIERE<\/span><\/h1>\n\t\t\n<style>\n#text-3677743630 {\n  font-size: 0.95rem;\n}\n@media (min-width:550px) {\n  #text-3677743630 {\n    font-size: 1rem;\n  }\n}\n<\/style>\n\t<\/div>\n\t\n<p><span style=\"font-size: 140%;\"><strong>Wir sind laufend auf der Suche nach motivierten Mitarbeiterinnen und freuen uns, <br \/>vielleicht schon bald Sie in unserem Team begr\u00fc\u00dfen zu d\u00fcrfen.<\/strong><\/span><\/p>\n\n\t\t<\/div>\n\t\t\t\t\n<style>\n#col-44356867 > .col-inner {\n  padding: 40px 30px 40px 30px;\n  margin: 60px 0px -90px 0px;\n}\n<\/style>\n\t<\/div>\n\n\t\n\n\n<style>\n#row-317210879 > .col > .col-inner {\n  background-color: #6b1e23;\n}\n<\/style>\n<\/div>\n\n\t\t<\/div>\n\n\t\t\n<style>\n#section_228304210 {\n  padding-top: 30px;\n  padding-bottom: 30px;\n}\n<\/style>\n\t<\/section>\n\t\n\n\t<section class=\"section\" id=\"section_182539532\">\n\t\t<div class=\"section-bg fill\" >\n\t\t\t\t\t\t\t\t\t\n\t\t\t\n\n\t\t<\/div>\n\n\t\t\n\n\t\t<div class=\"section-content relative\">\n\t\t\t\n\n<div class=\"row\"  id=\"row-1716735304\">\n\n\n\t<div id=\"col-2033165245\" class=\"col small-12 large-12\"  data-animate=\"fadeInUp\">\n\t\t\t\t<div class=\"col-inner\" style=\"background-color:rgb(246, 241, 226);\" >\n\t\t\t\n\t\t\t\n\n<div class=\"row\"  id=\"row-1156394103\">\n\n\n\t<div id=\"col-1314755212\" class=\"col small-12 large-12\"  >\n\t\t\t\t<div class=\"col-inner\"  >\n\t\t\t\n\t\t\t\n\n\t<div id=\"gap-353785977\" class=\"gap-element clearfix\" style=\"display:block; height:auto;\">\n\t\t\n<style>\n#gap-353785977 {\n  padding-top: 50px;\n}\n<\/style>\n\t<\/div>\n\t\n\n\n\t\t<div class=\"tabbed-content\">\n\t\t\t\n\t\t\t<ul class=\"nav nav-pills nav-normal nav-size-xlarge nav-center\" role=\"tablist\"><li id=\"tab-offene-stellen\" class=\"tab active has-icon\" role=\"presentation\"><a href=\"#tab_offene-stellen\" role=\"tab\" aria-selected=\"true\" aria-controls=\"tab_offene-stellen\"><span>Offene Stellen<\/span><\/a><\/li>\n<li id=\"tab-tipps-f\u00fcr-ihre-bewerbung\" class=\"tab has-icon\" role=\"presentation\"><a href=\"#tab_tipps-f\u00fcr-ihre-bewerbung\" tabindex=\"-1\" role=\"tab\" aria-selected=\"false\" aria-controls=\"tab_tipps-f\u00fcr-ihre-bewerbung\"><span>Tipps f\u00fcr Ihre Bewerbung<\/span><\/a><\/li><\/ul><div class=\"tab-panels\"><div id=\"tab_offene-stellen\" class=\"panel active entry-content\" role=\"tabpanel\" aria-labelledby=\"tab-offene-stellen\">\n\n<div class=\"row align-center\"  id=\"row-1703616977\">\n\n\n\t<div id=\"col-1338865217\" class=\"col small-12 large-12\"  >\n\t\t\t\t<div class=\"col-inner text-center\"  >\n\t\t\t\n\t\t\t\n\n<h2><span style=\"font-size: 180%;\">Offene Stellen<\/span><\/h2>\n<h2><span style=\"font-size: 120%;\">Trainerin \/ Office-Studiomanagerin <\/span><\/h2>\n\t<div id=\"text-2202954939\" class=\"text\">\n\t\t\n\n<p><span style=\"font-size: 120%;\">4 Tage Woche (24 Stunden)<\/span><br \/><span style=\"font-size: 120%;\">Mo bis Do: <\/span><span style=\"font-size: 120%;\">9 &#8211; 12 und 16 &#8211; 19 Uhr<\/span><strong><br \/><\/strong><\/p>\n\t\t\n<style>\n#text-2202954939 {\n  font-size: 0.85rem;\n  line-height: 1.4;\n}\n@media (min-width:550px) {\n  #text-2202954939 {\n    font-size: 1rem;\n  }\n}\n<\/style>\n\t<\/div>\n\t\n\t<div id=\"text-1782502692\" class=\"text\">\n\t\t\n\n<p><span style=\"font-size: 115%;\"><strong>Ladies Best Fitness steht f\u00fcr ein neues Level an Fitness und Lifestyle \u2013 exklusiv f\u00fcr Frauen.<\/strong><\/span> <br \/>Unser Anspruch ist es, nicht nur Training anzubieten, sondern einen Ort zu schaffen, <br \/>an dem sich unsere Mitglieder rundum wohlf\u00fchlen, ihre Ziele erreichen und neue Energie tanken.<\/p>\n<p>In unserem modernen Club vereinen wir hochwertige Ausstattung, <br \/>pers\u00f6nliche Betreuung und ein stilvolles Ambiente zu einem einzigartigen Gesamterlebnis. <br \/>Dabei legen wir besonderen Wert auf Qualit\u00e4t, Service und echte Begeisterung f\u00fcr Fitness.<\/p>\n<p>Zur Verst\u00e4rkung unseres Teams suchen wir eine engagierte Pers\u00f6nlichkeit, die unsere Philosophie mittr\u00e4gt, <br \/>Menschen begeistert und gemeinsam mit uns die Zukunft von Ladies Best aktiv mitgestaltet.<\/p>\n\t\t\n<style>\n#text-1782502692 {\n  font-size: 0.85rem;\n  line-height: 1.4;\n}\n@media (min-width:550px) {\n  #text-1782502692 {\n    font-size: 1rem;\n  }\n}\n<\/style>\n\t<\/div>\n\t\n\t<div id=\"gap-867220301\" class=\"gap-element clearfix\" style=\"display:block; height:auto;\">\n\t\t\n<style>\n#gap-867220301 {\n  padding-top: 70px;\n}\n<\/style>\n\t<\/div>\n\t\n\n<div class=\"row align-equal align-center\"  id=\"row-1525133810\">\n\n\n\t<div id=\"col-1909473139\" class=\"col medium-12 small-12 large-4\"  data-animate=\"fadeInUp\">\n\t\t\t\t<div class=\"col-inner text-center text-shadow-1 dark\" style=\"background-color:rgb(178, 132, 12);\" >\n\t\t\t\n\t\t\t\n\n\t<div class=\"img has-hover x md-x lg-x y md-y lg-y\" id=\"image_515529919\">\n\t\t\t\t\t\t\t\t<div class=\"img-inner dark\" style=\"margin:-95px 0px 0px 0px;\">\n\t\t\t<img loading=\"lazy\" decoding=\"async\" width=\"500\" height=\"500\" src=\"https:\/\/www.curtisign.com\/ladiesbest\/wp-content\/uploads\/2026\/04\/mission_500.png\" class=\"attachment-original size-original\" alt=\"\" srcset=\"https:\/\/www.curtisign.com\/ladiesbest\/wp-content\/uploads\/2026\/04\/mission_500.png 500w, https:\/\/www.curtisign.com\/ladiesbest\/wp-content\/uploads\/2026\/04\/mission_500-300x300.png 300w, https:\/\/www.curtisign.com\/ladiesbest\/wp-content\/uploads\/2026\/04\/mission_500-150x150.png 150w\" sizes=\"auto, (max-width: 500px) 100vw, 500px\" \/>\t\t\t\t\t\t\n\t\t\t\t\t<\/div>\n\t\t\t\t\t\t\t\t\n<style>\n#image_515529919 {\n  width: 47%;\n}\n@media (min-width:550px) {\n  #image_515529919 {\n    width: 20%;\n  }\n}\n@media (min-width:850px) {\n  #image_515529919 {\n    width: 34%;\n  }\n}\n<\/style>\n\t<\/div>\n\t\n\n<h2>IHRE AUFGABEN<\/h2>\n<ul>\n<li style=\"text-align: left;\">Pers\u00f6nliche und herzliche Betreuung unserer Mitglieder<\/li>\n<li style=\"text-align: left;\">Verkauf von Mitgliedschaften und erg\u00e4nzenden Produkten<\/li>\n<li style=\"text-align: left;\">Telefonische Beratung und Betreuung unserer Interessentinnen und Mitglieder<\/li>\n<li style=\"text-align: left;\">Organisation und Koordination von Terminen<\/li>\n<li style=\"text-align: left;\">Unterst\u00fctzung im Office sowie enge Zusammenarbeit mit der Gesch\u00e4ftsf\u00fchrung<\/li>\n<li style=\"text-align: left;\">Planung und Durchf\u00fchrung von Probe- &amp; Personal Training<\/li>\n<li style=\"text-align: left;\">Sicherstellung eines erstklassigen Kundenerlebnisses auf h\u00f6chstem Niveau<\/li>\n<li style=\"text-align: left;\">Durchf\u00fchrung von Trainingseinheiten<\/li>\n<li style=\"text-align: left;\">Mitgestaltung einer einzigartigen Fitness-Community<\/li>\n<li style=\"text-align: left;\">Langfristige Identifikation mit der Ladies Best Philosophie und Marke<\/li>\n<\/ul>\n\n\t\t<\/div>\n\t\t\t\t\n<style>\n#col-1909473139 > .col-inner {\n  padding: 30px 20px 30px 20px;\n  margin: 0px 0px 0px 0px;\n}\n<\/style>\n\t<\/div>\n\n\t\n\n\t<div id=\"col-1818580413\" class=\"col shadowfrei medium-12 small-12 large-4\"  data-animate=\"fadeInUp\">\n\t\t\t\t<div class=\"col-inner text-center text-shadow-1 dark\" style=\"background-color:rgb(178, 132, 12);\" >\n\t\t\t\n\t\t\t\n\n\t<div class=\"img has-hover x md-x lg-x y md-y lg-y\" id=\"image_979158810\">\n\t\t\t\t\t\t\t\t<div class=\"img-inner dark\" style=\"margin:-95px 0px 0px 0px;\">\n\t\t\t<img loading=\"lazy\" decoding=\"async\" width=\"500\" height=\"500\" src=\"https:\/\/www.curtisign.com\/ladiesbest\/wp-content\/uploads\/2026\/04\/you_500.png\" class=\"attachment-original size-original\" alt=\"\" srcset=\"https:\/\/www.curtisign.com\/ladiesbest\/wp-content\/uploads\/2026\/04\/you_500.png 500w, https:\/\/www.curtisign.com\/ladiesbest\/wp-content\/uploads\/2026\/04\/you_500-300x300.png 300w, https:\/\/www.curtisign.com\/ladiesbest\/wp-content\/uploads\/2026\/04\/you_500-150x150.png 150w\" sizes=\"auto, (max-width: 500px) 100vw, 500px\" \/>\t\t\t\t\t\t\n\t\t\t\t\t<\/div>\n\t\t\t\t\t\t\t\t\n<style>\n#image_979158810 {\n  width: 47%;\n}\n@media (min-width:550px) {\n  #image_979158810 {\n    width: 20%;\n  }\n}\n@media (min-width:850px) {\n  #image_979158810 {\n    width: 34%;\n  }\n}\n<\/style>\n\t<\/div>\n\t\n\n<h2>IHR PROFIL<\/h2>\n<ul>\n<li style=\"text-align: left;\">Fitness ist Ihre Leidenschaft \u2013 Sie leben und lieben einen aktiven Lifestyle<\/li>\n<li style=\"text-align: left;\">Unser Fitnessclub ist f\u00fcr Sie mehr als ein Arbeitsplatz \u2013 ein zweites Zuhause<\/li>\n<li style=\"text-align: left;\">Sie haben Freude daran, Menschen zu unterst\u00fctzen und zu motivieren<\/li>\n<li style=\"text-align: left;\">Freundliches, selbstbewusstes Auftreten verbunden mit Begeisterungsf\u00e4higkeit und Ehrgeiz<\/li>\n<li style=\"text-align: left;\">Diskretion, Verantwortungsbewusstsein und Zuverl\u00e4ssigkeit zeichnen Sie aus<\/li>\n<li style=\"text-align: left;\">Ausgezeichnete Kommunikationsf\u00e4higkeiten und ein sicheres Auftreten<\/li>\n<li style=\"text-align: left;\">Ehrlichkeit, Offenheit und Vertrauensw\u00fcrdigkeit sind f\u00fcr Sie selbstverst\u00e4ndlich<\/li>\n<li style=\"text-align: left;\">Selbstst\u00e4ndige, strukturierte Arbeitsweise sowie Flexibilit\u00e4t \u2013 auch im Alleindienst<\/li>\n<li style=\"text-align: left;\">Starke Kundenorientierung kombiniert mit Verkaufsaffinit\u00e4t<\/li>\n<li style=\"text-align: left;\">Idealerweise Erfahrung als Trainerin bzw. entsprechende Ausbildungen im Fitnessbereich<\/li>\n<li style=\"text-align: left;\">Von Vorteil: Kenntnisse im Bereich Social Media (Facebook &amp; Instagram), aber kein Muss<\/li>\n<\/ul>\n\n\t\t<\/div>\n\t\t\t\t\n<style>\n#col-1818580413 > .col-inner {\n  padding: 30px 20px 30px 20px;\n  margin: 0px 0px 0px 0px;\n}\n<\/style>\n\t<\/div>\n\n\t\n\n\t<div id=\"col-409611740\" class=\"col shadowfrei medium-12 small-12 large-4\"  data-animate=\"fadeInUp\">\n\t\t\t\t<div class=\"col-inner text-center text-shadow-1 dark\" style=\"background-color:rgb(178, 132, 12);\" >\n\t\t\t\n\t\t\t\n\n\t<div class=\"img has-hover x md-x lg-x y md-y lg-y\" id=\"image_1742862815\">\n\t\t\t\t\t\t\t\t<div class=\"img-inner dark\" style=\"margin:-95px 0px 0px 0px;\">\n\t\t\t<img loading=\"lazy\" decoding=\"async\" width=\"500\" height=\"500\" src=\"https:\/\/www.curtisign.com\/ladiesbest\/wp-content\/uploads\/2026\/04\/for_you_500.png\" class=\"attachment-original size-original\" alt=\"\" srcset=\"https:\/\/www.curtisign.com\/ladiesbest\/wp-content\/uploads\/2026\/04\/for_you_500.png 500w, https:\/\/www.curtisign.com\/ladiesbest\/wp-content\/uploads\/2026\/04\/for_you_500-300x300.png 300w, https:\/\/www.curtisign.com\/ladiesbest\/wp-content\/uploads\/2026\/04\/for_you_500-150x150.png 150w\" sizes=\"auto, (max-width: 500px) 100vw, 500px\" \/>\t\t\t\t\t\t\n\t\t\t\t\t<\/div>\n\t\t\t\t\t\t\t\t\n<style>\n#image_1742862815 {\n  width: 47%;\n}\n@media (min-width:550px) {\n  #image_1742862815 {\n    width: 20%;\n  }\n}\n@media (min-width:850px) {\n  #image_1742862815 {\n    width: 34%;\n  }\n}\n<\/style>\n\t<\/div>\n\t\n\n<h2>WAS WIR F\u00dcR SIE TUN<\/h2>\n<ul>\n<li style=\"text-align: left;\">Sie arbeiten in \u00d6sterreichs modernstem Fitnessclub f\u00fcr Frauen \u2013 innovativ, hochwertig und zukunftsweisend<\/li>\n<li style=\"text-align: left;\">Sie profitieren von einem abwechslungsreichen Arbeitsalltag mit viel Eigenverantwortung und Gestaltungsspielraum<\/li>\n<li style=\"text-align: left;\">Es erwartet Sie ein stilvolles, exklusives Ambiente, in dem Professionalit\u00e4t und Wohlf\u00fchlatmosph\u00e4re perfekt kombiniert werden<\/li>\n<li style=\"text-align: left;\">Sie werden Teil eines zukunftsorientierten Unternehmens mit echten Karriereperspektiven und langfristiger Sicherheit<\/li>\n<li style=\"text-align: left;\">Sie wirken aktiv am Aufbau einer einzigartigen Premium-Fitnessmarke mit und k\u00f6nnen Ihre Ideen einbringen<\/li>\n<li style=\"text-align: left;\">Sie arbeiten in einem engagierten, motivierenden Team, das Zusammenhalt lebt und sich gegenseitig unterst\u00fctzt<\/li>\n<li style=\"text-align: left;\">Wir f\u00f6rdern Ihre pers\u00f6nliche und fachliche Entwicklung durch gezielte Weiterbildungen und laufendes Coaching<\/li>\n<li style=\"text-align: left;\">Ihre Leistung wird gesehen, gesch\u00e4tzt und aktiv gef\u00f6rdert<\/li>\n<li style=\"text-align: left;\">Sie trainieren kostenlos in einem hochwertigen Premium-Umfeld und leben Fitness nicht nur beruflich, sondern auch privat<\/li>\n<li style=\"text-align: left;\">Attraktive Verg\u00fctung: 14x \u20ac 1.965,- brutto (ca. \u20ac 1.600,- netto)<\/li>\n<\/ul>\n\n\t\t<\/div>\n\t\t\t\t\n<style>\n#col-409611740 > .col-inner {\n  padding: 30px 20px 30px 20px;\n  margin: 0px 0px 0px 0px;\n}\n<\/style>\n\t<\/div>\n\n\t\n\n<\/div>\n\t<div id=\"gap-1754478338\" class=\"gap-element clearfix\" style=\"display:block; height:auto;\">\n\t\t\n<style>\n#gap-1754478338 {\n  padding-top: 30px;\n}\n<\/style>\n\t<\/div>\n\t\n\n<h2>INTERESSE GEWECKT?<\/h2>\n<p>Werden Sie Teil von Ladies Best und gestalten Sie mit uns die Zukunft eines einzigartigen Fitnesskonzepts f\u00fcr Frauen.<\/p>\n<p><strong>Wir freuen uns auf Ihre aussagekr\u00e4ftige Bewerbung unter:<\/strong> <br \/><a style=\"text-decoration: underline;\" href=\"mailto:myjob@ladiesbest.at\">myjob@ladiesbest.at<\/a><\/p>\n<p>an <br \/><span style=\"font-size: 120%;\"><strong>Sandra Saminger<\/strong><\/span><br \/>Ladies Best Personalmanagerin<br \/>Kornstra\u00dfe 14, 4060 Leonding<\/p>\n\n\t\t<\/div>\n\t\t\t\t\n<style>\n#col-1338865217 > .col-inner {\n  padding: 20px 30px 0px 30px;\n}\n<\/style>\n\t<\/div>\n\n\t\n\n<\/div>\n\n<\/div>\n<div id=\"tab_tipps-f\u00fcr-ihre-bewerbung\" class=\"panel entry-content\" role=\"tabpanel\" aria-labelledby=\"tab-tipps-f\u00fcr-ihre-bewerbung\">\n\n<div class=\"row\"  id=\"row-2143752084\">\n\n\n\t<div id=\"col-149386338\" class=\"col medium-6 small-12 large-6\"  data-animate=\"fadeInUp\">\n\t\t\t\t<div class=\"col-inner\"  >\n\t\t\t\n\t\t\t\n\n\t<div id=\"text-846692900\" class=\"text\">\n\t\t\n\n<h2><span style=\"font-size: 120%;\">TIPPS F\u00dcR IHRE BEWERBUNG &amp; ABLAUF<\/span><\/h2>\n\t\t\n<style>\n#text-846692900 {\n  text-align: left;\n}\n<\/style>\n\t<\/div>\n\t\n<p><span style=\"font-size: 120%;\"><strong>Der erste Schritt ist geschafft<br \/><\/strong><\/span>Wenn Sie zu einem Vorstellungsgespr\u00e4ch eingeladen werden, haben Sie die erste H\u00fcrde bereits erfolgreich gemeistert. Ihre Unterlagen haben uns \u00fcberzeugt und gezeigt, dass Sie gut zu unserer offenen Position passen k\u00f6nnten.<\/p>\n<p>Unser Auswahlprozess erfolgt in Form von pers\u00f6nlichen Gespr\u00e4chen. Je nach Position lernen Sie dabei eine oder mehrere Ansprechpartnerinnen kennen.<\/p>\n<p><span style=\"font-size: 120%;\"><strong>Vorbereitung auf das Bewerbungsgespr\u00e4ch<br \/><\/strong><\/span>Eine gute Vorbereitung ist der Schl\u00fcssel zu einem erfolgreichen Gespr\u00e4ch. Informieren Sie sich aktiv \u00fcber Ladies Best Fitness, unsere Philosophie und unsere Positionierung. Nutzen Sie dazu gerne unsere Website sowie unsere Social-Media-Kan\u00e4le.<\/p>\n<p>Ebenso wichtig ist die Auseinandersetzung mit sich selbst:<br \/>Welche Ziele verfolgen Sie? Wo liegen Ihre St\u00e4rken? Welche Erwartungen haben Sie an Ihre berufliche Zukunft? Je klarer Sie diese Fragen f\u00fcr sich beantworten k\u00f6nnen, desto \u00fcberzeugender werden Sie auftreten.<\/p>\n<p><span style=\"font-size: 120%;\"><strong>W\u00e4hrend des Gespr\u00e4chs<br \/><\/strong><\/span>Uns ist wichtig, Sie authentisch kennenzulernen. Daher gilt:<\/p>\n<ul>\n<li>Bleiben Sie ganz Sie selbst \u2013 Authentizit\u00e4t \u00fcberzeugt am meisten<\/li>\n<li>Sch\u00e4tzen Sie sich realistisch ein \u2013 weder \u00dcber- noch Untertreibung ist zielf\u00fchrend<\/li>\n<li>Sprechen Sie offen an, wenn Sie merken, dass die Position nicht Ihren Erwartungen entspricht<\/li>\n<\/ul>\n<p>Ein offener und ehrlicher Austausch ist die beste Basis f\u00fcr eine erfolgreiche Zusammenarbeit.<\/p>\n<p><strong><span style=\"font-size: 120%;\">Nutzen Sie die Gelegenheit \u2013 stellen Sie Fragen<br \/><\/span><\/strong>Das Bewerbungsgespr\u00e4ch ist keine Einbahnstra\u00dfe. Nutzen Sie die Chance, mehr \u00fcber uns, den Arbeitsalltag und Ihre zuk\u00fcnftigen Aufgaben zu erfahren.<\/p>\n<p>Gezielte Fragen zeigen nicht nur echtes Interesse, sondern auch, dass Sie sich mit uns und der Position auseinandergesetzt haben.<\/p>\n<p><span style=\"font-size: 120%;\"><strong>Nach dem Bewerbungsgespr\u00e4ch<br \/><\/strong><\/span>Nach dem Gespr\u00e4ch nehmen wir uns Zeit f\u00fcr eine sorgf\u00e4ltige interne Abstimmung. Bitte haben Sie Verst\u00e4ndnis, dass eine R\u00fcckmeldung nicht immer unmittelbar erfolgen kann.<\/p>\n<p>Unabh\u00e4ngig vom Ausgang Ihrer Bewerbung erhalten Sie selbstverst\u00e4ndlich eine R\u00fcckmeldung \u2013 schriftlich, per E-Mail oder pers\u00f6nlich.<\/p>\n<p>Sollten Sie eine Zusage erhalten, bitten wir Sie, die Position nochmals bewusst zu reflektieren. Langfristige Zufriedenheit und Entwicklung stehen f\u00fcr uns im Mittelpunkt.<\/p>\n\n\t\t<\/div>\n\t\t\t\t\t<\/div>\n\n\t\n\n\t<div id=\"col-846387477\" class=\"col medium-6 small-12 large-6\"  data-animate=\"fadeInUp\">\n\t\t\t\t<div class=\"col-inner\"  >\n\t\t\t\n\t\t\t\n\n\t<div id=\"text-2849652952\" class=\"text\">\n\t\t\n\n<h2><span style=\"font-size: 120%;\">IHRE BEWERBUNG<\/span><\/h2>\n\t\t\n<style>\n#text-2849652952 {\n  text-align: left;\n}\n<\/style>\n\t<\/div>\n\t\n<p>Bitte senden Sie Ihre Bewerbungsunterlagen bevorzugt per E-Mail an:<br \/><a href=\"mailto:myjob@ladiesbest.at\">myjob@ladiesbest.at<\/a><\/p>\n<p>Alternativ k\u00f6nnen Sie Ihre Bewerbung auch an folgende Adresse richten:<\/p>\n<p>Ladies Best Fitness GmbH<br \/>zH Sandra Saminger \u2013 Personalmanagement<br \/>Kornstra\u00dfe 14<br \/>4060 Leonding<\/p>\n<h2>WER KANN SICH BEWERBEN?<\/h2>\n<p>Ladies Best Fitness ist ein exklusives Fitnesskonzept f\u00fcr Frauen. Daher richtet sich unser Jobangebot ausschlie\u00dflich an weibliche Bewerberinnen.<\/p>\n<ul>\n<li>Begeisterung f\u00fcr Sport, Fitness und einen gesunden Lebensstil setzen wir voraus<\/li>\n<li>Eine gepflegte, gesundheitsbewusste Lebensweise ist f\u00fcr Sie selbstverst\u00e4ndlich<\/li>\n<li>Nichtraucherinnen werden bevorzugt<\/li>\n<li>Sehr gute Deutschkenntnisse in Wort und Schrift sind erforderlich<\/li>\n<\/ul>\n<p>Da sich unsere Mitglieder in einem gesch\u00fctzten, privaten Umfeld bewegen (z. B. Umkleide- und Wellnessbereiche), ist ein reines Frauenteam ein wesentlicher Bestandteil unseres Konzepts.<\/p>\n<p>Wir danken f\u00fcr das Verst\u00e4ndnis aller Interessenten.<\/p>\n<h2>IHRE BEWERBUNGSUNTERLAGEN<\/h2>\n<p>Der erste Eindruck z\u00e4hlt \u2013 und beginnt bereits mit Ihrer Bewerbung.<\/p>\n<p>Bitte senden Sie uns vollst\u00e4ndige und aussagekr\u00e4ftige Unterlagen, bestehend aus:<\/p>\n<ul>\n<li>Lebenslauf<\/li>\n<li>Motivationsschreiben<\/li>\n<li>Relevante Zeugnisse und Qualifikationen<\/li>\n<\/ul>\n<p>\u00dcberzeugen Sie uns von Anfang an davon, dass genau Sie die richtige Pers\u00f6nlichkeit f\u00fcr unser Team sind.<\/p>\n<p>Bei Ladies Best Fitness arbeiten wir gemeinsam an einer klaren Vision. Unabh\u00e4ngig von der Position ziehen wir an einem Strang, begegnen uns auf Augenh\u00f6he und leben eine Kultur der Wertsch\u00e4tzung, des Respekts und der gemeinsamen Weiterentwicklung.<\/p>\n\n\t\t<\/div>\n\t\t\t\t\t<\/div>\n\n\t\n\n\n<style>\n#row-2143752084 > .col > .col-inner {\n  padding: 30px 30px 30px 30px;\n}\n<\/style>\n<\/div>\n\n<\/div><\/div><\/div>\n\n\t\t<\/div>\n\t\t\t\t\t<\/div>\n\n\t\n\n<\/div>\n\n\t\t<\/div>\n\t\t\t\t\t<\/div>\n\n\t\n\n<\/div>\n\n\t\t<\/div>\n\n\t\t\n<style>\n#section_182539532 {\n  padding-top: 30px;\n  padding-bottom: 30px;\n}\n<\/style>\n\t<\/section>\n\t\n\n\n","protected":false},"excerpt":{"rendered":"","protected":false},"author":1,"featured_media":0,"parent":0,"menu_order":0,"comment_status":"closed","ping_status":"closed","template":"page-blank.php","meta":{"footnotes":""},"class_list":["post-2200","page","type-page","status-publish","hentry"],"_links":{"self":[{"href":"https:\/\/www.curtisign.com\/ladiesbest\/wp-json\/wp\/v2\/pages\/2200","targetHints":{"allow":["GET"]}}],"collection":[{"href":"https:\/\/www.curtisign.com\/ladiesbest\/wp-json\/wp\/v2\/pages"}],"about":[{"href":"https:\/\/www.curtisign.com\/ladiesbest\/wp-json\/wp\/v2\/types\/page"}],"author":[{"embeddable":true,"href":"https:\/\/www.curtisign.com\/ladiesbest\/wp-json\/wp\/v2\/users\/1"}],"replies":[{"embeddable":true,"href":"https:\/\/www.curtisign.com\/ladiesbest\/wp-json\/wp\/v2\/comments?post=2200"}],"version-history":[{"count":54,"href":"https:\/\/www.curtisign.com\/ladiesbest\/wp-json\/wp\/v2\/pages\/2200\/revisions"}],"predecessor-version":[{"id":2395,"href":"https:\/\/www.curtisign.com\/ladiesbest\/wp-json\/wp\/v2\/pages\/2200\/revisions\/2395"}],"wp:attachment":[{"href":"https:\/\/www.curtisign.com\/ladiesbest\/wp-json\/wp\/v2\/media?parent=2200"}],"curies":[{"name":"wp","href":"https:\/\/api.w.org\/{rel}","templated":true}]}}