{"id":340,"date":"2023-04-28T15:51:03","date_gmt":"2023-04-28T13:51:03","guid":{"rendered":"https:\/\/curtisign.com\/allesgeht\/?page_id=340"},"modified":"2026-04-07T11:18:08","modified_gmt":"2026-04-07T09:18:08","slug":"datenschutz","status":"publish","type":"page","link":"https:\/\/www.curtisign.com\/ladiesbest\/datenschutz\/","title":{"rendered":"Datenschutz"},"content":{"rendered":"\n\n\t<section class=\"section\" id=\"section_1007281016\">\n\t\t<div class=\"section-bg fill\" >\n\t\t\t\t\t\t\t\t\t\n\t\t\t\n\n\t\t<\/div>\n\n\t\t\n\n\t\t<div class=\"section-content relative\">\n\t\t\t\n\n<div class=\"row\"  id=\"row-1061495378\">\n\n\n\t<div id=\"col-535057362\" class=\"col small-12 large-12\"  data-animate=\"bounceInUp\">\n\t\t\t\t<div class=\"col-inner dark\"  >\n\t\t\t\n\t\t\t\n\n\t<div id=\"text-317626524\" class=\"text\">\n\t\t\n\n<h1>DATENSCHUTZERKL\u00c4RUNG<\/h1>\n\t\t\n<style>\n#text-317626524 {\n  font-size: 0.95rem;\n}\n@media (min-width:550px) {\n  #text-317626524 {\n    font-size: 1rem;\n  }\n}\n<\/style>\n\t<\/div>\n\t\n\n\t\t<\/div>\n\t\t\t\t\n<style>\n#col-535057362 > .col-inner {\n  padding: 25px 0px 0px 0px;\n  margin: 0px 0px -15px 0px;\n}\n@media (min-width:550px) {\n  #col-535057362 > .col-inner {\n    padding: 45px 0px 0px 0px;\n    margin: 0px 0px 0px 0px;\n  }\n}\n<\/style>\n\t<\/div>\n\n\t\n\n<\/div>\n\n\t\t<\/div>\n\n\t\t\n<style>\n#section_1007281016 {\n  padding-top: 0px;\n  padding-bottom: 0px;\n  background-color: #6b1e23;\n}\n<\/style>\n\t<\/section>\n\t\n<div class=\"row\"  id=\"row-503753178\">\n\n\n\t<div id=\"col-926742044\" class=\"col small-12 large-12\"  data-animate=\"bounceInUp\">\n\t\t\t\t<div class=\"col-inner\"  >\n\t\t\t\n\t\t\t\n\n\t<div id=\"gap-252447005\" class=\"gap-element clearfix\" style=\"display:block; height:auto;\">\n\t\t\n<style>\n#gap-252447005 {\n  padding-top: 20px;\n}\n@media (min-width:550px) {\n  #gap-252447005 {\n    padding-top: 30px;\n  }\n}\n<\/style>\n\t<\/div>\n\t\n\n<h3>Ladies Best Fitness GmbH, Kornstra\u00dfe 14, 4060 Leonding<\/h3>\n<p>Der Schutz und die Sicherheit von pers\u00f6nlichen Daten hat bei uns eine hohe Priorit\u00e4t. Daher halten wir uns strikt an die Regeln der Datenschutzgesetze.<br \/>In keinem Fall werden die erhobenen Daten von uns verkauft oder an Dritte weitergegeben.<\/p>\n<p><strong>1. Daten\u00fcbermittlung \/ Datenprotokollierung<\/strong><\/p>\n<p>Beim Besuch dieser Seite verzeichnet der Web-Server automatisch Log-Files, die keiner bestimmten Person zugeordnet werden k\u00f6nnen. Diese Daten beinhalten z. B. den Browsertyp und -version, verwendetes Betriebssystem, Referrer URL (die zuvor besuchte Seite), IP-Adresse des anfragenden Rechners, Zugriffsdatum und -uhrzeit der Serveranfrage und die Dateianfrage des Client (Dateiname und URL). Diese Daten werden nur zum Zweck der statistischen Auswertung gesammelt. Eine Weitergabe an Dritte, zu kommerziellen oder nichtkommerziellen Zwecken, findet nicht statt.<\/p>\n<p><strong>2. Nutzung pers\u00f6nlicher Daten<\/strong><\/p>\n<p>Pers\u00f6nliche Daten werden nur erhoben oder verarbeitet, wenn Sie diese Angaben freiwillig, z.B. im Rahmen einer Anfrage mitteilen. Sofern keine erforderlichen Gr\u00fcnde im Zusammenhang mit einer Gesch\u00e4ftsabwicklung bestehen, k\u00f6nnen Sie jederzeit die zuvor erteilte Genehmigung Ihrer pers\u00f6nlichen Datenspeicherung mit sofortiger Wirkung schriftlich widerrufen. Ihre Daten werden nicht an Dritte weitergeben, es sei denn, eine Weitergabe ist aufgrund gesetzlicher Vorschriften erforderlich. Personen- und\/oder firmenbezogene Daten, die uns elektronisch zugesendet werden (z.B. E-Mail-Adressen Name, Telefonnummer etc.), dienen ausschlie\u00dflich zur Korrespondenz und werden selbstverst\u00e4ndlich nicht an Dritte weitergegeben.<\/p>\n<p><strong>3. Kontakt mit uns<\/strong><\/p>\n<p>Wenn Sie per E-Mail Kontakt mit uns aufnehmen, werden Ihre angegebenen Daten zwecks Bearbeitung der Anfrage und f\u00fcr den Fall von Anschlussfragen oder -auftr\u00e4gen sechs Monate bei uns gespeichert. Diese Daten geben wir selbstverst\u00e4ndlich nicht weiter.<\/p>\n<p><strong>4. Auskunft, \u00c4nderung und L\u00f6schung Ihrer Daten<\/strong><\/p>\n<p>Gem\u00e4\u00df geltendem Recht k\u00f6nnen Sie jederzeit bei uns schriftlich nachfragen, ob und welche personenbezogenen Daten bei uns \u00fcber Sie gespeichert sind. Eine entsprechende Mitteilung hierzu erhalten Sie umgehend.<\/p>\n<p><strong>5. Sicherheit Ihrer Daten<\/strong><\/p>\n<p>Ihre uns zur Verf\u00fcgung gestellten pers\u00f6nlichen Daten werden durch Ergreifung aller technischen sowie organisatorischen Sicherheitsma\u00dfnahmen so gesichert, dass sie f\u00fcr den Zugriff unberechtigter Dritter unzug\u00e4nglich sind. Bei Versendung von sehr sensiblen Daten oder Informationen ist es empfehlenswert, den Postweg zu nutzen, da eine vollst\u00e4ndige Datensicherheit per E-Mail nicht gew\u00e4hrleistet werden kann.<\/p>\n<p><strong>6. Cookies<\/strong><\/p>\n<p>Auf einigen unserer Seiten verwenden wir sog. \u201cSession-Cookies\u201d, um Ihnen die Nutzung unserer Webseiten zu erleichtern. Dabei handelt es sich um kleine Textdateien, die nur f\u00fcr die Dauer Ihres Besuchs unserer Webseite auf Ihrer Festplatte hinterlegt und abh\u00e4ngig von der Einstellung Ihres Browser-Programms beim Beenden des Browsers wieder gel\u00f6scht werden. Einige Cookies bleiben auf Ihrem Endger\u00e4t gespeichert, bis Sie diese l\u00f6schen. Sie erm\u00f6glichen es uns, Ihren Browser beim n\u00e4chsten Besuch wiederzuerkennen. Diese Cookies rufen keine auf Ihrer Festplatte \u00fcber Sie gespeicherten Informationen ab und beeintr\u00e4chtigen nicht Ihren PC oder ihre Dateien. Die meisten Browser sind so eingestellt, dass sie Cookies automatisch akzeptieren. Sie k\u00f6nnen das Speichern von Cookies jedoch deaktivieren oder ihren Browser so einstellen, dass er Sie auf die Sendung von Cookies hinweist.<\/p>\n<p><strong>7. Youtube<\/strong><\/p>\n<p>Unsere Website verwendet Plugins von YouTube, die von Google betrieben werden. Der Betreiber der Seiten ist YouTube LLC, 901 Cherry Avenue, San Bruno, CA 94066, USA.<br \/>Wenn Sie eine unserer Seiten mit einem YouTube-Plugin besuchen, wird eine Verbindung zu den YouTube-Servern hergestellt. Hier wird dem YouTube-Server mitgeteilt, welche unserer Seiten Sie besucht haben. Wenn Sie in Ihrem YouTube-Konto angemeldet sind, k\u00f6nnen Sie mit YouTube Ihr Browserverhalten direkt mit Ihrem pers\u00f6nlichen Profil verkn\u00fcpfen. Sie k\u00f6nnen dies verhindern, indem Sie sich von Ihrem YouTube-Konto abmelden. YouTube wird verwendet, um unsere Website ansprechend zu gestalten. Dies begr\u00fcndet ein berechtigtes Interesse gem\u00e4\u00df Art. 6 (1) (f) DSGVO. Weitere Informationen zum Umgang mit Nutzerdaten finden Sie in der Datenschutzerkl\u00e4rung von YouTube unter https:\/\/www.google.de\/intl\/de\/policies\/privacy.<\/p>\n<p><strong>8. Google Fonts<\/strong><\/p>\n<p>Die Google-Fonts sind lokal auf dem eigenen Webserver eingebunden, somit werden die Schriftarten nicht mehr von den Google Servern geladen und die IP-Adresse des Nutzers nicht \u00fcbertragen.<\/p>\n<p><strong>9. Ihre Rechte<\/strong><\/p>\n<p>Auskunftsrecht: Sie k\u00f6nnen von uns eine Best\u00e4tigung dar\u00fcber verlangen, ob und in welchem Ausma\u00df wir Ihre Daten verarbeiten.<\/p>\n<p>Recht auf Berichtigung: Verarbeiten wir Ihre personenbezogenen Daten, welche unvollst\u00e4ndig oder unrichtig sind, so k\u00f6nnen Sie jederzeit deren Berichtigung bzw. deren Vervollst\u00e4ndigung verlangen.<\/p>\n<p>Recht auf L\u00f6schung: Sie k\u00f6nnen von uns die L\u00f6schung Ihrer personenbezogenen Daten verlangen, wenn wir diese unrechtm\u00e4\u00dfig verarbeiten oder die Verarbeitung unverh\u00e4ltnism\u00e4\u00dfig in Ihre berechtigten Schutzinteressen eingreift. Es kann Gr\u00fcnde geben, die einer sofortigen L\u00f6schung entgegenstehen (etwa gesetzlich geregelte Aufbewahrungspflichten).<\/p>\n<p>Recht auf Einschr\u00e4nkung der Verarbeitung: Sie k\u00f6nnen von uns die Einschr\u00e4nkung der Verarbeitung Ihrer Daten verlangen, wenn<\/p>\n<p>\u2022 Sie die Richtigkeit der Daten f\u00fcr eine Dauer bestreiten, die es uns erm\u00f6glicht, die Richtigkeit der Daten zu \u00fcberpr\u00fcfen,<br \/>\u2022 die Verarbeitung der Daten unrechtm\u00e4\u00dfig ist, Sie aber eine L\u00f6schung ablehnen und stattdessen eine Einschr\u00e4nkung der Datennutzung verlangen,<br \/>\u2022 wir die Daten f\u00fcr den vorgesehenen Zweck nicht mehr ben\u00f6tigen, Sie diese Daten aber noch zur Geltendmachung oder Verteidigung von Rechtsanspr\u00fcchen ben\u00f6tigen,<br \/>\u2022 Sie Widerspruch gegen die Verarbeitung der Daten erhoben haben.<\/p>\n<p>Dieses Recht k\u00f6nnen Sie ab dem 25. Mai 2018 in Anspruch nehmen.<\/p>\n<p>Recht auf Daten\u00fcbertragbarkeit: Sie k\u00f6nnen von uns verlangen, dass wir Ihnen Ihre Daten, die Sie uns zur Aufbewahrung anvertraut haben, in einem strukturierten, g\u00e4ngigen und maschinenlesbaren Format zur Verf\u00fcgung stellen.<\/p>\n<p>Dieses Recht k\u00f6nnen Sie ab dem 25. Mai 2018 in Anspruch nehmen.<\/p>\n<p>Widerspruchsrecht: Verarbeiten wir Daten zur Wahrnehmung von im \u00f6ffentlichen Interesse liegenden Aufgaben, zur Aus\u00fcbung \u00f6ffentlicher Gewalt oder berufen wir uns bei der Verarbeitung auf die Notwendigkeit zur Wahrung unseres berechtigten Interesses, k\u00f6nnen Sie gegen diese Datenverarbeitung Widerspruch erheben. Der Widerspruch ist berechtigt, wenn Sie ein berechtigtes Schutzinteresse an Ihren Daten haben.<\/p>\n<p>Beschwerderecht: Wenn Sie der Meinung sind, dass wir bei der Verarbeitung Ihrer Daten gegen Datenschutzrecht versto\u00dfen, bitten wir Sie, mit uns Kontakt aufzunehmen. Sie haben nat\u00fcrlich auch die M\u00f6glichkeit, sich bei der \u00f6sterreichischen Datenschutzbeh\u00f6rde, ab dem 25. Mai 2018 auch bei der Aufsichtsbeh\u00f6rde innerhalb der EU, zu beschweren.<\/p>\n<p>Wenn wir Zweifel \u00fcber Ihre Identit\u00e4t haben, k\u00f6nnen wir zus\u00e4tzliche Informationen anfordern. Bitte beachten Sie, dass wir bei offenkundig unbegr\u00fcndeten oder besonders h\u00e4ufig wahrgenommenen Rechten ein angemessenes Bearbeitungsentgelt verlangen oder die Bearbeitung Ihres Antrags verweigern k\u00f6nnen.<\/p>\n<p><strong>Sie erreichen uns unter folgenden Kontaktdaten:<\/strong><\/p>\n<p>Ladies Best Fitness GmbH<br \/>Christian Mathias<br \/>Kornstra\u00dfe 14 | 4060 Leonding<br \/>0732 6743 41<br \/><a href=\"mailto:welcome@ladiesbest.at\">welcome@ladiesbest.at<\/a><\/p>\n<p>\u00a0<\/p>\n\n\n\t\t<\/div>\n\t\t\t\t\t<\/div>\n\n\t\n\n<\/div>\n\t<div id=\"gap-1597355876\" class=\"gap-element clearfix\" style=\"display:block; height:auto;\">\n\t\t\n<style>\n#gap-1597355876 {\n  padding-top: 30px;\n}\n<\/style>\n\t<\/div>\n\t\n\n\n","protected":false},"excerpt":{"rendered":"","protected":false},"author":1,"featured_media":0,"parent":0,"menu_order":0,"comment_status":"closed","ping_status":"closed","template":"page-blank.php","meta":{"footnotes":""},"class_list":["post-340","page","type-page","status-publish","hentry"],"_links":{"self":[{"href":"https:\/\/www.curtisign.com\/ladiesbest\/wp-json\/wp\/v2\/pages\/340","targetHints":{"allow":["GET"]}}],"collection":[{"href":"https:\/\/www.curtisign.com\/ladiesbest\/wp-json\/wp\/v2\/pages"}],"about":[{"href":"https:\/\/www.curtisign.com\/ladiesbest\/wp-json\/wp\/v2\/types\/page"}],"author":[{"embeddable":true,"href":"https:\/\/www.curtisign.com\/ladiesbest\/wp-json\/wp\/v2\/users\/1"}],"replies":[{"embeddable":true,"href":"https:\/\/www.curtisign.com\/ladiesbest\/wp-json\/wp\/v2\/comments?post=340"}],"version-history":[{"count":16,"href":"https:\/\/www.curtisign.com\/ladiesbest\/wp-json\/wp\/v2\/pages\/340\/revisions"}],"predecessor-version":[{"id":2282,"href":"https:\/\/www.curtisign.com\/ladiesbest\/wp-json\/wp\/v2\/pages\/340\/revisions\/2282"}],"wp:attachment":[{"href":"https:\/\/www.curtisign.com\/ladiesbest\/wp-json\/wp\/v2\/media?parent=340"}],"curies":[{"name":"wp","href":"https:\/\/api.w.org\/{rel}","templated":true}]}}